{"id":629,"date":"2024-08-20T01:55:59","date_gmt":"2024-08-19T23:55:59","guid":{"rendered":"https:\/\/vinonista.com\/vinlada\/?post_type=product&#038;p=629"},"modified":"2026-05-05T01:25:18","modified_gmt":"2026-05-04T23:25:18","slug":"presentkort","status":"publish","type":"product","link":"https:\/\/vinonista.com\/vinlada\/produkt\/presentkort\/","title":{"rendered":"Presentkort"},"content":{"rendered":"<h2><b data-stringify-type=\"bold\">Ge bort en smak av Italien!<\/b><\/h2>\n<p>\u00d6verraska n\u00e5gon du uppskattar eller \u00e4lskar med ett presentkort fr\u00e5n oss. En perfekt g\u00e5va som l\u00e5ter mottagaren uppt\u00e4cka v\u00e5rt sortiment av uts\u00f6kta italienska viner \u2013 noggrant utvalda f\u00f6r att ge en genuin smak av Italiens vinregioner. Ge bort en liten del av Italien och skapa minnen som varar l\u00e4ngre \u00e4n ett glas.<\/p>\n<p>Presentkortet \u00e4r giltigt i 2 \u00e5r.<\/p>\n","protected":false},"excerpt":{"rendered":"<p>Presentkort 500 &#8211; 2000 kr<\/p>\n","protected":false},"featured_media":647,"comment_status":"open","ping_status":"closed","template":"","meta":{"_acf_changed":false},"product_brand":[],"product_cat":[33],"product_tag":[35],"class_list":{"0":"post-629","1":"product","2":"type-product","3":"status-publish","4":"has-post-thumbnail","6":"product_cat-presentkort","7":"product_tag-presentkort","9":"first","10":"instock","11":"taxable","12":"shipping-taxable","13":"purchasable","14":"product-type-pw-gift-card","15":"has-default-attributes"},"acf":[],"_links":{"self":[{"href":"https:\/\/vinonista.com\/vinlada\/wp-json\/wp\/v2\/product\/629","targetHints":{"allow":["GET"]}}],"collection":[{"href":"https:\/\/vinonista.com\/vinlada\/wp-json\/wp\/v2\/product"}],"about":[{"href":"https:\/\/vinonista.com\/vinlada\/wp-json\/wp\/v2\/types\/product"}],"replies":[{"embeddable":true,"href":"https:\/\/vinonista.com\/vinlada\/wp-json\/wp\/v2\/comments?post=629"}],"wp:featuredmedia":[{"embeddable":true,"href":"https:\/\/vinonista.com\/vinlada\/wp-json\/wp\/v2\/media\/647"}],"wp:attachment":[{"href":"https:\/\/vinonista.com\/vinlada\/wp-json\/wp\/v2\/media?parent=629"}],"wp:term":[{"taxonomy":"product_brand","embeddable":true,"href":"https:\/\/vinonista.com\/vinlada\/wp-json\/wp\/v2\/product_brand?post=629"},{"taxonomy":"product_cat","embeddable":true,"href":"https:\/\/vinonista.com\/vinlada\/wp-json\/wp\/v2\/product_cat?post=629"},{"taxonomy":"product_tag","embeddable":true,"href":"https:\/\/vinonista.com\/vinlada\/wp-json\/wp\/v2\/product_tag?post=629"}],"curies":[{"name":"wp","href":"https:\/\/api.w.org\/{rel}","templated":true}]}}