{"id":2540,"date":"2026-02-23T09:45:14","date_gmt":"2026-02-23T08:45:14","guid":{"rendered":"https:\/\/vinonista.com\/vinlada\/?post_type=product&#038;p=2540"},"modified":"2026-03-31T11:27:25","modified_gmt":"2026-03-31T09:27:25","slug":"edwards-exklusiva-roda-vinlada","status":"publish","type":"product","link":"https:\/\/vinonista.com\/vinlada\/produkt\/edwards-exklusiva-roda-vinlada\/","title":{"rendered":"Edwards utvalda exklusiva r\u00f6da"},"content":{"rendered":"<h4>Col di Lamo &#8211; A Diletta Brunello de Montolcino 2016<\/h4>\n<p>&#8221;Kraftigt, syrligt och v\u00e4ldigt tanninrikt. Smaker av l\u00e4der, bladselleri\/gr\u00f6n paprika, peppar, lakrits, m\u00f6rka b\u00e4r, cedertr\u00e4 och en lite animalisk k\u00f6ttig ton. L\u00e5ng intensiv eftersmak. Ett kaxigt vin som inte har n\u00e5got problem att m\u00f6ta feta, kraftiga och kryddade k\u00f6ttr\u00e4tter.&#8221;<\/p>\n<p>&nbsp;<\/p>\n<h4>Il Botolo &#8211; Nizza 2017<\/h4>\n<p>&#8221;Fylligt, syrligt och b\u00e4rigt \u2013 saknar objektiv rests\u00f6tma men ger \u00e4nd\u00e5 ett aningen s\u00f6tt intryck. Smaktoner av k\u00f6rsb\u00e4rskompott, plommon, \u00f6rter, tobak och balsamvin\u00e4ger. Lena tanniner. Helt klart en personlighet. Fungerar utm\u00e4rkt till k\u00f6ttr\u00e4tter, risotto och smakrika pastar\u00e4tter.&#8221;<\/p>\n<p>&nbsp;<\/p>\n<h4>Tenuta San Mauro &#8211; Barbaresco Canova 2016<\/h4>\n<p>&#8221;En m\u00e5ngfacerad, elegant och finst\u00e4md Barbaresco. Relativt fyllig och syrlig med rikligt av taniner, Smak av kokta k\u00f6rsb\u00e4r och plommon, aromatiskt tr\u00e4, rosor, lite l\u00e4der, tobak och skog. Passade v\u00e4ldigt bra ihop med lammentrecote, men klarar \u00e4ven av att m\u00f6ta tuffare k\u00f6ttr\u00e4tter. Utm\u00e4rkt \u00e4ven att dricka som s\u00e4llskapsvin.&#8221;<\/p>\n<p>\/Edward Blom<\/p>\n<p>&nbsp;<\/p>\n","protected":false},"excerpt":{"rendered":"<p>Edwards utvalda exklusiva r\u00f6da<\/p>\n","protected":false},"featured_media":2542,"comment_status":"open","ping_status":"closed","template":"","meta":{"_acf_changed":false},"product_brand":[108,114,118],"product_cat":[43,22],"product_tag":[119,120,109,110,130,129,20],"class_list":{"0":"post-2540","1":"product","2":"type-product","3":"status-publish","4":"has-post-thumbnail","6":"product_brand-col-di-lamo","7":"product_brand-il-botolo-da","8":"product_brand-tenuta-san-mauro","9":"product_cat-mix-match","10":"product_cat-vinlada","11":"product_tag-barbaresco","12":"product_tag-barbaresco-canova","13":"product_tag-brunello","14":"product_tag-brunello-di-montalcino","15":"product_tag-edward-blom","16":"product_tag-nizza","17":"product_tag-vinlada","19":"first","20":"instock","21":"virtual","22":"taxable","23":"purchasable","24":"product-type-composite"},"acf":[],"_links":{"self":[{"href":"https:\/\/vinonista.com\/vinlada\/wp-json\/wp\/v2\/product\/2540","targetHints":{"allow":["GET"]}}],"collection":[{"href":"https:\/\/vinonista.com\/vinlada\/wp-json\/wp\/v2\/product"}],"about":[{"href":"https:\/\/vinonista.com\/vinlada\/wp-json\/wp\/v2\/types\/product"}],"replies":[{"embeddable":true,"href":"https:\/\/vinonista.com\/vinlada\/wp-json\/wp\/v2\/comments?post=2540"}],"wp:featuredmedia":[{"embeddable":true,"href":"https:\/\/vinonista.com\/vinlada\/wp-json\/wp\/v2\/media\/2542"}],"wp:attachment":[{"href":"https:\/\/vinonista.com\/vinlada\/wp-json\/wp\/v2\/media?parent=2540"}],"wp:term":[{"taxonomy":"product_brand","embeddable":true,"href":"https:\/\/vinonista.com\/vinlada\/wp-json\/wp\/v2\/product_brand?post=2540"},{"taxonomy":"product_cat","embeddable":true,"href":"https:\/\/vinonista.com\/vinlada\/wp-json\/wp\/v2\/product_cat?post=2540"},{"taxonomy":"product_tag","embeddable":true,"href":"https:\/\/vinonista.com\/vinlada\/wp-json\/wp\/v2\/product_tag?post=2540"}],"curies":[{"name":"wp","href":"https:\/\/api.w.org\/{rel}","templated":true}]}}