{"id":484,"date":"2024-11-22T15:52:47","date_gmt":"2024-11-22T14:52:47","guid":{"rendered":"https:\/\/vinonista.com\/vinlada\/?page_id=484"},"modified":"2024-11-22T15:55:18","modified_gmt":"2024-11-22T14:55:18","slug":"under-20","status":"publish","type":"page","link":"https:\/\/vinonista.com\/vinlada\/under-20\/","title":{"rendered":"Under 20"},"content":{"rendered":"\t\t<div data-elementor-type=\"wp-page\" data-elementor-id=\"484\" class=\"elementor elementor-484\" data-elementor-post-type=\"page\">\n\t\t\t\t<div class=\"elementor-element elementor-element-eca7025 e-flex e-con-boxed wpr-particle-no wpr-jarallax-no wpr-parallax-no wpr-sticky-section-no e-con e-parent\" data-id=\"eca7025\" data-element_type=\"container\">\n\t\t\t\t\t<div class=\"e-con-inner\">\n\t\t\t\t<div class=\"elementor-element elementor-element-ab6441b elementor-widget elementor-widget-text-editor\" data-id=\"ab6441b\" data-element_type=\"widget\" data-widget_type=\"text-editor.default\">\n\t\t\t\t<div class=\"elementor-widget-container\">\n\t\t\t\t\t\t\t\t\tVi kan tyv\u00e4rr inte sl\u00e4ppa in dig p\u00e5 webbplaten, men ser fram emot att se dig igen n\u00e4r du fyllt 20!\t\t\t\t\t\t\t\t<\/div>\n\t\t\t\t<\/div>\n\t\t\t\t\t<\/div>\n\t\t\t\t<\/div>\n\t\t\t\t<\/div>\n\t\t","protected":false},"excerpt":{"rendered":"<p>Vi kan tyv\u00e4rr inte sl\u00e4ppa in dig p\u00e5 webbplaten, men ser fram emot att se dig igen n\u00e4r du fyllt 20!<\/p>\n","protected":false},"author":1,"featured_media":0,"parent":0,"menu_order":0,"comment_status":"closed","ping_status":"closed","template":"","meta":{"_acf_changed":false,"footnotes":""},"class_list":["post-484","page","type-page","status-publish","hentry"],"acf":[],"_links":{"self":[{"href":"https:\/\/vinonista.com\/vinlada\/wp-json\/wp\/v2\/pages\/484","targetHints":{"allow":["GET"]}}],"collection":[{"href":"https:\/\/vinonista.com\/vinlada\/wp-json\/wp\/v2\/pages"}],"about":[{"href":"https:\/\/vinonista.com\/vinlada\/wp-json\/wp\/v2\/types\/page"}],"author":[{"embeddable":true,"href":"https:\/\/vinonista.com\/vinlada\/wp-json\/wp\/v2\/users\/1"}],"replies":[{"embeddable":true,"href":"https:\/\/vinonista.com\/vinlada\/wp-json\/wp\/v2\/comments?post=484"}],"version-history":[{"count":3,"href":"https:\/\/vinonista.com\/vinlada\/wp-json\/wp\/v2\/pages\/484\/revisions"}],"predecessor-version":[{"id":487,"href":"https:\/\/vinonista.com\/vinlada\/wp-json\/wp\/v2\/pages\/484\/revisions\/487"}],"wp:attachment":[{"href":"https:\/\/vinonista.com\/vinlada\/wp-json\/wp\/v2\/media?parent=484"}],"curies":[{"name":"wp","href":"https:\/\/api.w.org\/{rel}","templated":true}]}}