{"id":2383,"date":"2025-11-20T19:18:46","date_gmt":"2025-11-20T18:18:46","guid":{"rendered":"https:\/\/vinonista.com\/vinlada\/?page_id=2383"},"modified":"2025-12-27T11:41:04","modified_gmt":"2025-12-27T10:41:04","slug":"om-vinonista","status":"publish","type":"page","link":"https:\/\/vinonista.com\/vinlada\/om-vinonista\/","title":{"rendered":"Om Vinonista"},"content":{"rendered":"\t\t<div data-elementor-type=\"wp-page\" data-elementor-id=\"2383\" class=\"elementor elementor-2383\" data-elementor-post-type=\"page\">\n\t\t\t\t<div class=\"elementor-element elementor-element-61f120b8 e-flex e-con-boxed wpr-particle-no wpr-jarallax-no wpr-parallax-no wpr-sticky-section-no e-con e-parent\" data-id=\"61f120b8\" data-element_type=\"container\">\n\t\t\t\t\t<div class=\"e-con-inner\">\n\t\t\t\t<div class=\"elementor-element elementor-element-18cedd60 elementor-widget__width-initial elementor-widget elementor-widget-text-editor\" data-id=\"18cedd60\" data-element_type=\"widget\" data-widget_type=\"text-editor.default\">\n\t\t\t\t<div class=\"elementor-widget-container\">\n\t\t\t\t\t\t\t\t\t<h4>\u00a0<\/h4><h4>Vinonistas viner<\/h4><p>Alla viner i Vinonistas sortiment \u00e4r utvalda av n\u00e4san p\u00e5 bilden nedan. Som kund hos Vinonista kommer du att k\u00e4nna igen dig. Komplexa dofter i kombination med smakrikedom, fint integrerad syra och en l\u00e5ng smak \u00e4r ett gemensamma k\u00e4nnetecken.<\/p>\t\t\t\t\t\t\t\t<\/div>\n\t\t\t\t<\/div>\n\t\t\t\t<div class=\"elementor-element elementor-element-d11f5d3 elementor-widget elementor-widget-spacer\" data-id=\"d11f5d3\" data-element_type=\"widget\" data-widget_type=\"spacer.default\">\n\t\t\t\t<div class=\"elementor-widget-container\">\n\t\t\t\t\t\t\t<div class=\"elementor-spacer\">\n\t\t\t<div class=\"elementor-spacer-inner\"><\/div>\n\t\t<\/div>\n\t\t\t\t\t\t<\/div>\n\t\t\t\t<\/div>\n\t\t\t\t<div class=\"elementor-element elementor-element-71e7939 elementor-widget__width-initial elementor-widget elementor-widget-image\" data-id=\"71e7939\" data-element_type=\"widget\" data-widget_type=\"image.default\">\n\t\t\t\t<div class=\"elementor-widget-container\">\n\t\t\t\t\t\t\t\t\t\t\t\t\t\t\t<img fetchpriority=\"high\" decoding=\"async\" width=\"768\" height=\"513\" src=\"https:\/\/vinonista.com\/vinlada\/wp-content\/uploads\/2025\/12\/jw-event-vinsider-67-768x513.jpg\" class=\"attachment-medium_large size-medium_large wp-image-2442\" alt=\"Martin Wall\" srcset=\"https:\/\/vinonista.com\/vinlada\/wp-content\/uploads\/2025\/12\/jw-event-vinsider-67-768x513.jpg 768w, https:\/\/vinonista.com\/vinlada\/wp-content\/uploads\/2025\/12\/jw-event-vinsider-67-300x200.jpg 300w, https:\/\/vinonista.com\/vinlada\/wp-content\/uploads\/2025\/12\/jw-event-vinsider-67-1024x684.jpg 1024w, https:\/\/vinonista.com\/vinlada\/wp-content\/uploads\/2025\/12\/jw-event-vinsider-67-1536x1025.jpg 1536w, https:\/\/vinonista.com\/vinlada\/wp-content\/uploads\/2025\/12\/jw-event-vinsider-67-600x401.jpg 600w, https:\/\/vinonista.com\/vinlada\/wp-content\/uploads\/2025\/12\/jw-event-vinsider-67.jpg 1600w\" sizes=\"(max-width: 768px) 100vw, 768px\" \/>\t\t\t\t\t\t\t\t\t\t\t\t\t\t\t<\/div>\n\t\t\t\t<\/div>\n\t\t\t\t<div class=\"elementor-element elementor-element-b524dc9 elementor-widget elementor-widget-spacer\" data-id=\"b524dc9\" data-element_type=\"widget\" data-widget_type=\"spacer.default\">\n\t\t\t\t<div class=\"elementor-widget-container\">\n\t\t\t\t\t\t\t<div class=\"elementor-spacer\">\n\t\t\t<div class=\"elementor-spacer-inner\"><\/div>\n\t\t<\/div>\n\t\t\t\t\t\t<\/div>\n\t\t\t\t<\/div>\n\t\t\t\t<div class=\"elementor-element elementor-element-ce74584 elementor-widget__width-initial elementor-widget elementor-widget-text-editor\" data-id=\"ce74584\" data-element_type=\"widget\" data-widget_type=\"text-editor.default\">\n\t\t\t\t<div class=\"elementor-widget-container\">\n\t\t\t\t\t\t\t\t\t<p>F\u00f6rutom att vinerna h\u00e5ller en h\u00f6g kvalit\u00e9 s\u00e5 har Vinonistas grundare, Martin Wall, dessutom en unik f\u00f6rm\u00e5ga att erbjuda dem till ett attraktivt pris.<\/p><p>En anledning till det \u00e4r hans n\u00e4sa att hitta den extra kvalit\u00e9n i ett vin bland 100 uppradade till samma ink\u00f6pspris.<\/p><p>Vinonista \u00e4r \u00e4ven duktiga p\u00e5 att ihop ekvationen d\u00e4r b\u00e5de vinbonde och du som slutkund \u00e4r n\u00f6jda.\u00a0<\/p>\t\t\t\t\t\t\t\t<\/div>\n\t\t\t\t<\/div>\n\t\t\t\t<div class=\"elementor-element elementor-element-f8b4662 elementor-widget elementor-widget-spacer\" data-id=\"f8b4662\" data-element_type=\"widget\" data-widget_type=\"spacer.default\">\n\t\t\t\t<div class=\"elementor-widget-container\">\n\t\t\t\t\t\t\t<div class=\"elementor-spacer\">\n\t\t\t<div class=\"elementor-spacer-inner\"><\/div>\n\t\t<\/div>\n\t\t\t\t\t\t<\/div>\n\t\t\t\t<\/div>\n\t\t\t\t<div class=\"elementor-element elementor-element-ad270ca elementor-widget__width-initial elementor-widget elementor-widget-image\" data-id=\"ad270ca\" data-element_type=\"widget\" data-widget_type=\"image.default\">\n\t\t\t\t<div class=\"elementor-widget-container\">\n\t\t\t\t\t\t\t\t\t\t\t\t\t\t\t<img decoding=\"async\" width=\"1024\" height=\"768\" src=\"https:\/\/vinonista.com\/vinlada\/wp-content\/uploads\/2025\/12\/foto-2018-09-03-19-24-03-1024x768.jpg\" class=\"attachment-large size-large wp-image-2451\" alt=\"Bricco Lu\" srcset=\"https:\/\/vinonista.com\/vinlada\/wp-content\/uploads\/2025\/12\/foto-2018-09-03-19-24-03-1024x768.jpg 1024w, https:\/\/vinonista.com\/vinlada\/wp-content\/uploads\/2025\/12\/foto-2018-09-03-19-24-03-300x225.jpg 300w, https:\/\/vinonista.com\/vinlada\/wp-content\/uploads\/2025\/12\/foto-2018-09-03-19-24-03-768x576.jpg 768w, https:\/\/vinonista.com\/vinlada\/wp-content\/uploads\/2025\/12\/foto-2018-09-03-19-24-03-1536x1152.jpg 1536w, https:\/\/vinonista.com\/vinlada\/wp-content\/uploads\/2025\/12\/foto-2018-09-03-19-24-03-2048x1536.jpg 2048w, https:\/\/vinonista.com\/vinlada\/wp-content\/uploads\/2025\/12\/foto-2018-09-03-19-24-03-600x450.jpg 600w, https:\/\/vinonista.com\/vinlada\/wp-content\/uploads\/2025\/12\/foto-2018-09-03-19-24-03-1600x1200.jpg 1600w\" sizes=\"(max-width: 1024px) 100vw, 1024px\" \/>\t\t\t\t\t\t\t\t\t\t\t\t\t\t\t<\/div>\n\t\t\t\t<\/div>\n\t\t\t\t<div class=\"elementor-element elementor-element-6f49c00 elementor-widget elementor-widget-spacer\" data-id=\"6f49c00\" data-element_type=\"widget\" data-widget_type=\"spacer.default\">\n\t\t\t\t<div class=\"elementor-widget-container\">\n\t\t\t\t\t\t\t<div class=\"elementor-spacer\">\n\t\t\t<div class=\"elementor-spacer-inner\"><\/div>\n\t\t<\/div>\n\t\t\t\t\t\t<\/div>\n\t\t\t\t<\/div>\n\t\t\t\t<div class=\"elementor-element elementor-element-251d442 elementor-widget__width-initial elementor-widget elementor-widget-text-editor\" data-id=\"251d442\" data-element_type=\"widget\" data-widget_type=\"text-editor.default\">\n\t\t\t\t<div class=\"elementor-widget-container\">\n\t\t\t\t\t\t\t\t\t<p>Martin tillsammans med Stefano Gozzelino vid toppen av berget Bricco Lu d\u00e4r Stefano odlar enast\u00e5ende bra Barbera druvor. Stefano personifierar den sortens vinproducenter som Vinonista jobbar med. Vinb\u00f6nder som bryr som om sin jord och fullst\u00e4ndigt dedikerat sig till att odla b\u00e4sta t\u00e4nkbara druvor.<\/p><p>V\u00e5ra vinhantverkare \u00e4r inte heller k\u00e4nda varum\u00e4rken med en stor marknadsbudget som betalas med dyrare viner.<\/p><p>V\u00e5rt gemensamma arbete att g\u00e5 Sverige b\u00e4ttre viner har resulterat i l\u00e5ng rad utm\u00e4rkelser. Nedan ser ni senaste \u00e5ret som vi t\u00e4vlade i t\u00e4vlingen Vinnordic. D\u00e5 vann vi 5 medaljer f\u00f6r b\u00e4st kvalit\u00e9 i 5 olika prisklasser. L\u00e5ngt fler medaljer \u00e4n n\u00e5gon annan vinimport\u00f6r.<\/p>\t\t\t\t\t\t\t\t<\/div>\n\t\t\t\t<\/div>\n\t\t\t\t<div class=\"elementor-element elementor-element-ae56dd2 elementor-widget elementor-widget-spacer\" data-id=\"ae56dd2\" data-element_type=\"widget\" data-widget_type=\"spacer.default\">\n\t\t\t\t<div class=\"elementor-widget-container\">\n\t\t\t\t\t\t\t<div class=\"elementor-spacer\">\n\t\t\t<div class=\"elementor-spacer-inner\"><\/div>\n\t\t<\/div>\n\t\t\t\t\t\t<\/div>\n\t\t\t\t<\/div>\n\t\t\t\t<div class=\"elementor-element elementor-element-b9514fb elementor-widget__width-initial elementor-widget elementor-widget-image\" data-id=\"b9514fb\" data-element_type=\"widget\" data-widget_type=\"image.default\">\n\t\t\t\t<div class=\"elementor-widget-container\">\n\t\t\t\t\t\t\t\t\t\t\t\t\t\t\t<img decoding=\"async\" width=\"768\" height=\"512\" src=\"https:\/\/vinonista.com\/vinlada\/wp-content\/uploads\/2025\/11\/dsc09755-768x512.jpg\" class=\"attachment-medium_large size-medium_large wp-image-2410\" alt=\"Vinordic\" srcset=\"https:\/\/vinonista.com\/vinlada\/wp-content\/uploads\/2025\/11\/dsc09755-768x512.jpg 768w, https:\/\/vinonista.com\/vinlada\/wp-content\/uploads\/2025\/11\/dsc09755-300x200.jpg 300w, https:\/\/vinonista.com\/vinlada\/wp-content\/uploads\/2025\/11\/dsc09755-1024x683.jpg 1024w, https:\/\/vinonista.com\/vinlada\/wp-content\/uploads\/2025\/11\/dsc09755-1536x1024.jpg 1536w, https:\/\/vinonista.com\/vinlada\/wp-content\/uploads\/2025\/11\/dsc09755-2048x1365.jpg 2048w, https:\/\/vinonista.com\/vinlada\/wp-content\/uploads\/2025\/11\/dsc09755-600x400.jpg 600w, https:\/\/vinonista.com\/vinlada\/wp-content\/uploads\/2025\/11\/dsc09755-1600x1067.jpg 1600w\" sizes=\"(max-width: 768px) 100vw, 768px\" \/>\t\t\t\t\t\t\t\t\t\t\t\t\t\t\t<\/div>\n\t\t\t\t<\/div>\n\t\t\t\t<div class=\"elementor-element elementor-element-ff2242a elementor-widget elementor-widget-spacer\" data-id=\"ff2242a\" data-element_type=\"widget\" data-widget_type=\"spacer.default\">\n\t\t\t\t<div class=\"elementor-widget-container\">\n\t\t\t\t\t\t\t<div class=\"elementor-spacer\">\n\t\t\t<div class=\"elementor-spacer-inner\"><\/div>\n\t\t<\/div>\n\t\t\t\t\t\t<\/div>\n\t\t\t\t<\/div>\n\t\t\t\t<div class=\"elementor-element elementor-element-a2555ed elementor-widget__width-initial elementor-widget elementor-widget-text-editor\" data-id=\"a2555ed\" data-element_type=\"widget\" data-widget_type=\"text-editor.default\">\n\t\t\t\t<div class=\"elementor-widget-container\">\n\t\t\t\t\t\t\t\t\t<h4>Vinonistas historia<\/h4><p>Vinonistas historia b\u00f6rjade sin resa i vinets v\u00e4rld l\u00e5ngt innan jag b\u00f6rjade importera vin. Jag v\u00e4xte upp i den J\u00e4mtl\u00e4ndska byn G\u00e4ll\u00f6. D\u00e4r fanns inget Systembolag och min vin\u00e4lskande far botaniserade livligt i best\u00e4llningssortimentet.<\/p><p>P\u00e5 fredagar h\u00e4mtades vinet h\u00f6gtidligt hos ombudet samtidigt som Mamma f\u00f6rberedde middagen. Deras samspel var underbart att sk\u00e5da. Mamma som talade italienska och hade ett f\u00f6rk\u00e4rlek f\u00f6r landets k\u00f6k. Pappa som best\u00e4llde viner fr\u00e5n v\u00e4rldens alla h\u00f6rn och matchade till maten. Min passion f\u00f6r den \u00e4dla drycken har funnits sedan dess.<\/p><p>25 \u00e5r senare, med massor av vin resor runt om i Europa s\u00e5 finns det ett land som fastnat mer \u00e4n \u00f6vriga, Italien. D\u00e4rf\u00f6r var det d\u00e4r Vinonistas resa b\u00f6rjade n\u00e4r jag best\u00e4llde min f\u00f6rsta pall vin till garaget hemma i S\u00f6dra \u00c4ngby.<\/p><p>Sedan starten har jag sedan jobbat mig vidare i mitt \u00e4lskade Italien.\u00a0Nu har Vinonista viner fr\u00e5n 33 vinproducenter. N\u00e5gra av Italiens absolut b\u00e4sta vinb\u00f6nder och vinmakare har senaste \u00e5ret anslutit sig till Vinonista. Jag k\u00e4nner en enorm stolthet \u00f6ver att de v\u00e4ljer att jobba med mig.<\/p><p>\u00a0<\/p><p>\u00a0<\/p><p>\/Martin<\/p>\t\t\t\t\t\t\t\t<\/div>\n\t\t\t\t<\/div>\n\t\t\t\t\t<\/div>\n\t\t\t\t<\/div>\n\t\t<div class=\"elementor-element elementor-element-ce2ff1c e-flex e-con-boxed wpr-particle-no wpr-jarallax-no wpr-parallax-no wpr-sticky-section-no e-con e-parent\" data-id=\"ce2ff1c\" data-element_type=\"container\">\n\t\t\t\t\t<div class=\"e-con-inner\">\n\t\t\t\t<div class=\"elementor-element elementor-element-1fcb971 elementor-widget elementor-widget-spacer\" data-id=\"1fcb971\" data-element_type=\"widget\" data-widget_type=\"spacer.default\">\n\t\t\t\t<div class=\"elementor-widget-container\">\n\t\t\t\t\t\t\t<div class=\"elementor-spacer\">\n\t\t\t<div class=\"elementor-spacer-inner\"><\/div>\n\t\t<\/div>\n\t\t\t\t\t\t<\/div>\n\t\t\t\t<\/div>\n\t\t\t\t\t<\/div>\n\t\t\t\t<\/div>\n\t\t\t\t<\/div>\n\t\t","protected":false},"excerpt":{"rendered":"<p>\u00a0 Vinonistas viner Alla viner i Vinonistas sortiment \u00e4r utvalda av n\u00e4san p\u00e5 bilden nedan. Som kund hos Vinonista kommer du att k\u00e4nna igen dig. Komplexa dofter i kombination med smakrikedom, fint integrerad syra och en l\u00e5ng smak \u00e4r ett gemensamma k\u00e4nnetecken. F\u00f6rutom att vinerna h\u00e5ller en h\u00f6g kvalit\u00e9 s\u00e5 har Vinonistas grundare, Martin Wall, dessutom en unik f\u00f6rm\u00e5ga att erbjuda dem till ett attraktivt pris. En anledning till det \u00e4r hans n\u00e4sa att hitta den extra kvalit\u00e9n i ett vin bland 100 uppradade till samma ink\u00f6pspris. Vinonista \u00e4r \u00e4ven duktiga p\u00e5 att ihop ekvationen d\u00e4r b\u00e5de vinbonde och du som slutkund \u00e4r n\u00f6jda.\u00a0 Martin tillsammans med Stefano Gozzelino vid toppen av berget Bricco Lu d\u00e4r Stefano odlar enast\u00e5ende bra Barbera druvor. Stefano personifierar den sortens vinproducenter som Vinonista jobbar med. Vinb\u00f6nder som bryr som om sin jord och fullst\u00e4ndigt dedikerat sig till att odla b\u00e4sta t\u00e4nkbara druvor. V\u00e5ra vinhantverkare \u00e4r inte heller k\u00e4nda varum\u00e4rken med en stor marknadsbudget som betalas med dyrare viner. V\u00e5rt gemensamma arbete att g\u00e5 Sverige b\u00e4ttre viner har resulterat i l\u00e5ng rad utm\u00e4rkelser. Nedan ser ni senaste \u00e5ret som vi t\u00e4vlade i t\u00e4vlingen Vinnordic. D\u00e5 vann vi 5 medaljer f\u00f6r b\u00e4st kvalit\u00e9 i 5 olika prisklasser. L\u00e5ngt fler medaljer \u00e4n n\u00e5gon annan vinimport\u00f6r. Vinonistas historia Vinonistas historia b\u00f6rjade sin resa i vinets v\u00e4rld l\u00e5ngt innan jag b\u00f6rjade importera vin. Jag v\u00e4xte upp i den J\u00e4mtl\u00e4ndska byn G\u00e4ll\u00f6. D\u00e4r fanns inget Systembolag och min vin\u00e4lskande far botaniserade livligt i best\u00e4llningssortimentet. P\u00e5 fredagar h\u00e4mtades vinet h\u00f6gtidligt hos ombudet samtidigt som Mamma f\u00f6rberedde middagen. Deras samspel var underbart att sk\u00e5da. Mamma som talade italienska och hade ett f\u00f6rk\u00e4rlek f\u00f6r landets k\u00f6k. Pappa som best\u00e4llde viner fr\u00e5n v\u00e4rldens alla h\u00f6rn och matchade till maten. Min passion f\u00f6r den \u00e4dla drycken har funnits sedan dess. 25 \u00e5r senare, med massor av vin resor runt om i Europa s\u00e5 finns det ett land som fastnat mer \u00e4n \u00f6vriga, Italien. D\u00e4rf\u00f6r var det d\u00e4r Vinonistas resa b\u00f6rjade n\u00e4r jag best\u00e4llde min f\u00f6rsta pall vin till garaget hemma i S\u00f6dra \u00c4ngby. Sedan starten har jag sedan jobbat mig vidare i mitt \u00e4lskade Italien.\u00a0Nu har Vinonista viner fr\u00e5n 33 vinproducenter. N\u00e5gra av Italiens absolut b\u00e4sta vinb\u00f6nder och vinmakare har senaste \u00e5ret anslutit sig till Vinonista. Jag k\u00e4nner en enorm stolthet \u00f6ver att de v\u00e4ljer att jobba med mig. \u00a0 \u00a0 \/Martin<\/p>\n","protected":false},"author":2,"featured_media":0,"parent":0,"menu_order":0,"comment_status":"closed","ping_status":"closed","template":"","meta":{"_acf_changed":false,"footnotes":""},"class_list":["post-2383","page","type-page","status-publish","hentry"],"acf":[],"_links":{"self":[{"href":"https:\/\/vinonista.com\/vinlada\/wp-json\/wp\/v2\/pages\/2383","targetHints":{"allow":["GET"]}}],"collection":[{"href":"https:\/\/vinonista.com\/vinlada\/wp-json\/wp\/v2\/pages"}],"about":[{"href":"https:\/\/vinonista.com\/vinlada\/wp-json\/wp\/v2\/types\/page"}],"author":[{"embeddable":true,"href":"https:\/\/vinonista.com\/vinlada\/wp-json\/wp\/v2\/users\/2"}],"replies":[{"embeddable":true,"href":"https:\/\/vinonista.com\/vinlada\/wp-json\/wp\/v2\/comments?post=2383"}],"version-history":[{"count":40,"href":"https:\/\/vinonista.com\/vinlada\/wp-json\/wp\/v2\/pages\/2383\/revisions"}],"predecessor-version":[{"id":2500,"href":"https:\/\/vinonista.com\/vinlada\/wp-json\/wp\/v2\/pages\/2383\/revisions\/2500"}],"wp:attachment":[{"href":"https:\/\/vinonista.com\/vinlada\/wp-json\/wp\/v2\/media?parent=2383"}],"curies":[{"name":"wp","href":"https:\/\/api.w.org\/{rel}","templated":true}]}}