{"id":10,"date":"2024-09-23T14:45:00","date_gmt":"2024-09-23T12:45:00","guid":{"rendered":"https:\/\/vinonista.com\/vinlada\/?page_id=10"},"modified":"2025-05-22T11:54:22","modified_gmt":"2025-05-22T09:54:22","slug":"hem-v2","status":"publish","type":"page","link":"https:\/\/vinonista.com\/vinlada\/hem-v2\/","title":{"rendered":"Hem-v2"},"content":{"rendered":"\t\t<div data-elementor-type=\"wp-page\" data-elementor-id=\"10\" class=\"elementor elementor-10\" data-elementor-post-type=\"page\">\n\t\t\t\t<div class=\"elementor-element elementor-element-1b0c02c vinonista_hero e-flex e-con-boxed wpr-particle-no wpr-jarallax-no wpr-parallax-no wpr-sticky-section-no e-con e-parent\" data-id=\"1b0c02c\" data-element_type=\"container\" data-settings=\"{&quot;background_background&quot;:&quot;classic&quot;}\">\n\t\t\t\t\t<div class=\"e-con-inner\">\n\t\t<div class=\"elementor-element elementor-element-d19b1ab e-con-full e-flex wpr-particle-no wpr-jarallax-no wpr-parallax-no wpr-sticky-section-no e-con e-child\" data-id=\"d19b1ab\" data-element_type=\"container\">\n\t\t\t\t<div class=\"elementor-element elementor-element-17aced3 elementor-widget elementor-widget-heading\" data-id=\"17aced3\" data-element_type=\"widget\" data-widget_type=\"heading.default\">\n\t\t\t\t<div class=\"elementor-widget-container\">\n\t\t\t\t\t<h2 class=\"elementor-heading-title elementor-size-default\">Vinl\u00e5da<\/h2>\t\t\t\t<\/div>\n\t\t\t\t<\/div>\n\t\t\t\t<\/div>\n\t\t\t\t\t<\/div>\n\t\t\t\t<\/div>\n\t\t<div class=\"elementor-element elementor-element-673dc2f vinonista_section vinonista_section_standard e-flex e-con-boxed wpr-particle-no wpr-jarallax-no wpr-parallax-no wpr-sticky-section-no e-con e-parent\" data-id=\"673dc2f\" data-element_type=\"container\">\n\t\t\t\t\t<div class=\"e-con-inner\">\n\t\t<div class=\"elementor-element elementor-element-7bae342 e-con-full e-flex wpr-particle-no wpr-jarallax-no wpr-parallax-no wpr-sticky-section-no e-con e-child\" data-id=\"7bae342\" data-element_type=\"container\">\n\t\t<div class=\"elementor-element elementor-element-941e9e5 e-con-full e-flex wpr-particle-no wpr-jarallax-no wpr-parallax-no wpr-sticky-section-no e-con e-child\" data-id=\"941e9e5\" data-element_type=\"container\">\n\t\t<div class=\"elementor-element elementor-element-ebe0b24 e-con-full e-flex wpr-particle-no wpr-jarallax-no wpr-parallax-no wpr-sticky-section-no e-con e-child\" data-id=\"ebe0b24\" data-element_type=\"container\">\n\t\t\t\t<div class=\"elementor-element elementor-element-81865f2 elementor-widget elementor-widget-heading\" data-id=\"81865f2\" data-element_type=\"widget\" data-widget_type=\"heading.default\">\n\t\t\t\t<div class=\"elementor-widget-container\">\n\t\t\t\t\t<h2 class=\"elementor-heading-title elementor-size-default\">Best\u00e4ll vin med hemleverans!<\/h2>\t\t\t\t<\/div>\n\t\t\t\t<\/div>\n\t\t\t\t<div class=\"elementor-element elementor-element-fe80240 elementor-widget elementor-widget-text-editor\" data-id=\"fe80240\" data-element_type=\"widget\" data-widget_type=\"text-editor.default\">\n\t\t\t\t<div class=\"elementor-widget-container\">\n\t\t\t\t\t\t\t\t\t<p>Vinonista har etablerat sig i Danmark och vi s\u00e4ljer nu vin till kunder i hela Danmark.<\/p><p>I och med detta har vi ocks\u00e5 m\u00f6jligheten att erbjuda distanshandel till Sverige. Det vill s\u00e4ga hemleverans av vin till privatkunder i Sverige.<\/p><p>\u00a0<\/p>\t\t\t\t\t\t\t\t<\/div>\n\t\t\t\t<\/div>\n\t\t\t\t<div class=\"elementor-element elementor-element-320f4ad elementor-widget elementor-widget-text-editor\" data-id=\"320f4ad\" data-element_type=\"widget\" data-widget_type=\"text-editor.default\">\n\t\t\t\t<div class=\"elementor-widget-container\">\n\t\t\t\t\t\t\t\t\t<h4>Vinerna<\/h4><p>Ni hittar f\u00e4rdigpackade vinl\u00e5dor fr\u00e5n regioner och fr\u00e5n enskilda producenter. Vinerna \u00e4r utvalda av oss f\u00f6r att kunna erbjuda er unika viner d\u00e4r vi inte kommer \u00e5t s\u00e5 m\u00e5nga flaskor.<\/p><p>\u00a0<\/p><h4>Hemleverans<\/h4><p>I Danmark levererar vi till hela landet.<\/p><p>I Sverige g\u00e5r vinerna att best\u00e4lla till de postnummer dit Best levererar. Du hittar aktuella postnummer h\u00e4r: \u00a0<a href=\"https:\/\/vinonista.com\/vinlada\/wp-content\/uploads\/2024\/11\/postnummer-best.pdf\">Postnummer Best<\/a><\/p>\t\t\t\t\t\t\t\t<\/div>\n\t\t\t\t<\/div>\n\t\t\t\t<\/div>\n\t\t<div class=\"elementor-element elementor-element-8283967 e-con-full e-flex wpr-particle-no wpr-jarallax-no wpr-parallax-no wpr-sticky-section-no e-con e-child\" data-id=\"8283967\" data-element_type=\"container\">\n\t\t\t\t<\/div>\n\t\t\t\t<\/div>\n\t\t\t\t<\/div>\n\t\t\t\t\t<\/div>\n\t\t\t\t<\/div>\n\t\t<div class=\"elementor-element elementor-element-92b6f7e e-flex e-con-boxed wpr-particle-no wpr-jarallax-no wpr-parallax-no wpr-sticky-section-no e-con e-parent\" data-id=\"92b6f7e\" data-element_type=\"container\">\n\t\t\t\t\t<div class=\"e-con-inner\">\n\t\t\t\t\t<\/div>\n\t\t\t\t<\/div>\n\t\t<div class=\"elementor-element elementor-element-bed6961 e-flex e-con-boxed wpr-particle-no wpr-jarallax-no wpr-parallax-no wpr-sticky-section-no e-con e-parent\" data-id=\"bed6961\" data-element_type=\"container\">\n\t\t\t\t\t<div class=\"e-con-inner\">\n\t\t\t\t<div class=\"elementor-element elementor-element-74e2ccb elementor-grid-mobile-1 elementor-grid-3 elementor-grid-tablet-3 elementor-products-grid elementor-wc-products elementor-widget elementor-widget-woocommerce-products\" data-id=\"74e2ccb\" data-element_type=\"widget\" data-widget_type=\"woocommerce-products.default\">\n\t\t\t\t<div class=\"elementor-widget-container\">\n\t\t\t\t\t<div class=\"woocommerce columns-3 \"><ul class=\"products elementor-grid columns-3\">\n<li class=\"product type-product post-674 status-publish first instock product_cat-vinlada product_tag-alto-piemonte product_tag-barbaglia product_tag-piemonte has-post-thumbnail taxable shipping-taxable purchasable product-type-simple\">\n\t<a href=\"https:\/\/vinonista.com\/vinlada\/produkt\/alto-piemonte-ladan\/\" class=\"woocommerce-LoopProduct-link woocommerce-loop-product__link\"><img fetchpriority=\"high\" decoding=\"async\" width=\"300\" height=\"300\" src=\"https:\/\/vinonista.com\/vinlada\/wp-content\/uploads\/2025\/01\/silviainvendemmia-300x300.jpg\" class=\"attachment-woocommerce_thumbnail size-woocommerce_thumbnail\" alt=\"Silvia Barbaglia\" srcset=\"https:\/\/vinonista.com\/vinlada\/wp-content\/uploads\/2025\/01\/silviainvendemmia-300x300.jpg 300w, https:\/\/vinonista.com\/vinlada\/wp-content\/uploads\/2025\/01\/silviainvendemmia-150x150.jpg 150w, https:\/\/vinonista.com\/vinlada\/wp-content\/uploads\/2025\/01\/silviainvendemmia-100x100.jpg 100w\" sizes=\"(max-width: 300px) 100vw, 300px\" \/><h2 class=\"woocommerce-loop-product__title\">Alto Piemonte, vinl\u00e5da<\/h2>\n\t<span class=\"price\"><span class=\"woocommerce-Price-amount amount\"><bdi>1 599&nbsp;<span class=\"woocommerce-Price-currencySymbol\">&#107;&#114;<\/span><\/bdi><\/span><\/span>\n<\/a><a href=\"?add-to-cart=674\" aria-describedby=\"woocommerce_loop_add_to_cart_link_describedby_674\" data-quantity=\"1\" class=\"button product_type_simple add_to_cart_button ajax_add_to_cart\" data-product_id=\"674\" data-product_sku=\"17350095031077\" aria-label=\"L\u00e4gg till i varukorgen: \u201dAlto Piemonte, vinl\u00e5da\u201d\" rel=\"nofollow\" data-success_message=\"&quot;Alto Piemonte, vinl\u00e5da&quot; har lagts till i din varukorg\" data-product_name=\"Alto Piemonte, vinl\u00e5da\" data-product_image=\"https:\/\/vinonista.com\/vinlada\/wp-content\/uploads\/2025\/01\/silviainvendemmia-150x150.jpg\">L\u00e4gg till i varukorg<\/a>\t<span id=\"woocommerce_loop_add_to_cart_link_describedby_674\" class=\"screen-reader-text\">\n\t\t\t<\/span>\n<\/li>\n<li class=\"product type-product post-510 status-publish instock product_cat-vinlada product_tag-vinlada has-post-thumbnail taxable shipping-taxable purchasable product-type-simple\">\n\t<a href=\"https:\/\/vinonista.com\/vinlada\/produkt\/etna-ladan\/\" class=\"woocommerce-LoopProduct-link woocommerce-loop-product__link\"><img decoding=\"async\" width=\"300\" height=\"300\" src=\"https:\/\/vinonista.com\/vinlada\/wp-content\/uploads\/2024\/11\/14656336_1216819291711945_1318568356281765361_n-300x300.jpg\" class=\"attachment-woocommerce_thumbnail size-woocommerce_thumbnail\" alt=\"Calcagno\" srcset=\"https:\/\/vinonista.com\/vinlada\/wp-content\/uploads\/2024\/11\/14656336_1216819291711945_1318568356281765361_n-300x300.jpg 300w, https:\/\/vinonista.com\/vinlada\/wp-content\/uploads\/2024\/11\/14656336_1216819291711945_1318568356281765361_n-150x150.jpg 150w, https:\/\/vinonista.com\/vinlada\/wp-content\/uploads\/2024\/11\/14656336_1216819291711945_1318568356281765361_n-100x100.jpg 100w\" sizes=\"(max-width: 300px) 100vw, 300px\" \/><h2 class=\"woocommerce-loop-product__title\">Etna, vinl\u00e5da<\/h2>\n\t<span class=\"price\"><span class=\"woocommerce-Price-amount amount\"><bdi>1 799&nbsp;<span class=\"woocommerce-Price-currencySymbol\">&#107;&#114;<\/span><\/bdi><\/span><\/span>\n<\/a><a href=\"?add-to-cart=510\" aria-describedby=\"woocommerce_loop_add_to_cart_link_describedby_510\" data-quantity=\"1\" class=\"button product_type_simple add_to_cart_button ajax_add_to_cart\" data-product_id=\"510\" data-product_sku=\"17350095031060\" aria-label=\"L\u00e4gg till i varukorgen: \u201dEtna, vinl\u00e5da\u201d\" rel=\"nofollow\" data-success_message=\"&quot;Etna, vinl\u00e5da&quot; har lagts till i din varukorg\" data-product_name=\"Etna, vinl\u00e5da\" data-product_image=\"https:\/\/vinonista.com\/vinlada\/wp-content\/uploads\/2024\/11\/14656336_1216819291711945_1318568356281765361_n-150x150.jpg\">L\u00e4gg till i varukorg<\/a>\t<span id=\"woocommerce_loop_add_to_cart_link_describedby_510\" class=\"screen-reader-text\">\n\t\t\t<\/span>\n<\/li>\n<li class=\"product type-product post-148 status-publish last instock product_cat-vinlada product_tag-piemonte product_tag-vinlada has-post-thumbnail taxable shipping-taxable purchasable product-type-simple\">\n\t<a href=\"https:\/\/vinonista.com\/vinlada\/produkt\/piemonte-ladan\/\" class=\"woocommerce-LoopProduct-link woocommerce-loop-product__link\"><img decoding=\"async\" width=\"300\" height=\"300\" src=\"https:\/\/vinonista.com\/vinlada\/wp-content\/uploads\/2024\/09\/vinonista-vineyard-with-wine-bottles-300x300.png\" class=\"attachment-woocommerce_thumbnail size-woocommerce_thumbnail\" alt=\"Vinonista Piemonte l\u00e5da\" srcset=\"https:\/\/vinonista.com\/vinlada\/wp-content\/uploads\/2024\/09\/vinonista-vineyard-with-wine-bottles-300x300.png 300w, https:\/\/vinonista.com\/vinlada\/wp-content\/uploads\/2024\/09\/vinonista-vineyard-with-wine-bottles-1024x1024.png 1024w, https:\/\/vinonista.com\/vinlada\/wp-content\/uploads\/2024\/09\/vinonista-vineyard-with-wine-bottles-150x150.png 150w, https:\/\/vinonista.com\/vinlada\/wp-content\/uploads\/2024\/09\/vinonista-vineyard-with-wine-bottles-768x768.png 768w, https:\/\/vinonista.com\/vinlada\/wp-content\/uploads\/2024\/09\/vinonista-vineyard-with-wine-bottles-1536x1536.png 1536w, https:\/\/vinonista.com\/vinlada\/wp-content\/uploads\/2024\/09\/vinonista-vineyard-with-wine-bottles-600x600.png 600w, https:\/\/vinonista.com\/vinlada\/wp-content\/uploads\/2024\/09\/vinonista-vineyard-with-wine-bottles-100x100.png 100w, https:\/\/vinonista.com\/vinlada\/wp-content\/uploads\/2024\/09\/vinonista-vineyard-with-wine-bottles-1600x1600.png 1600w, https:\/\/vinonista.com\/vinlada\/wp-content\/uploads\/2024\/09\/vinonista-vineyard-with-wine-bottles.png 2000w\" sizes=\"(max-width: 300px) 100vw, 300px\" \/><h2 class=\"woocommerce-loop-product__title\">Piemonte, vinl\u00e5da<\/h2>\n\t<span class=\"price\"><span class=\"woocommerce-Price-amount amount\"><bdi>1 999&nbsp;<span class=\"woocommerce-Price-currencySymbol\">&#107;&#114;<\/span><\/bdi><\/span><\/span>\n<\/a><a href=\"?add-to-cart=148\" aria-describedby=\"woocommerce_loop_add_to_cart_link_describedby_148\" data-quantity=\"1\" class=\"button product_type_simple add_to_cart_button ajax_add_to_cart\" data-product_id=\"148\" data-product_sku=\"07350095030325\" aria-label=\"L\u00e4gg till i varukorgen: \u201dPiemonte, vinl\u00e5da\u201d\" rel=\"nofollow\" data-success_message=\"&quot;Piemonte, vinl\u00e5da&quot; har lagts till i din varukorg\" data-product_name=\"Piemonte, vinl\u00e5da\" data-product_image=\"https:\/\/vinonista.com\/vinlada\/wp-content\/uploads\/2024\/09\/vinonista-vineyard-with-wine-bottles-150x150.png\">L\u00e4gg till i varukorg<\/a>\t<span id=\"woocommerce_loop_add_to_cart_link_describedby_148\" class=\"screen-reader-text\">\n\t\t\t<\/span>\n<\/li>\n<li class=\"product type-product post-629 status-publish first instock product_cat-presentkort product_tag-presentkort has-post-thumbnail taxable shipping-taxable purchasable product-type-pw-gift-card has-default-attributes\">\n\t<a href=\"https:\/\/vinonista.com\/vinlada\/produkt\/presentkort\/\" class=\"woocommerce-LoopProduct-link woocommerce-loop-product__link\"><img loading=\"lazy\" decoding=\"async\" width=\"300\" height=\"300\" src=\"https:\/\/vinonista.com\/vinlada\/wp-content\/uploads\/2024\/12\/18a83b51-66f7-4027-9675-9d9267f0279f-300x300.png\" class=\"attachment-woocommerce_thumbnail size-woocommerce_thumbnail\" alt=\"Presentkort\" srcset=\"https:\/\/vinonista.com\/vinlada\/wp-content\/uploads\/2024\/12\/18a83b51-66f7-4027-9675-9d9267f0279f-300x300.png 300w, https:\/\/vinonista.com\/vinlada\/wp-content\/uploads\/2024\/12\/18a83b51-66f7-4027-9675-9d9267f0279f-150x150.png 150w, https:\/\/vinonista.com\/vinlada\/wp-content\/uploads\/2024\/12\/18a83b51-66f7-4027-9675-9d9267f0279f-100x100.png 100w\" sizes=\"(max-width: 300px) 100vw, 300px\" \/><h2 class=\"woocommerce-loop-product__title\">Presentkort<\/h2>\n\t<span class=\"price\"><span class=\"woocommerce-Price-amount amount\"><bdi>500&nbsp;<span class=\"woocommerce-Price-currencySymbol\">&#107;&#114;<\/span><\/bdi><\/span> &ndash; <span class=\"woocommerce-Price-amount amount\"><bdi>2 000&nbsp;<span class=\"woocommerce-Price-currencySymbol\">&#107;&#114;<\/span><\/bdi><\/span><\/span>\n<\/a><a href=\"https:\/\/vinonista.com\/vinlada\/produkt\/presentkort\/\" aria-describedby=\"woocommerce_loop_add_to_cart_link_describedby_629\" data-quantity=\"1\" class=\"button product_type_pw-gift-card add_to_cart_button\" data-product_id=\"629\" data-product_sku=\"\" aria-label=\"V\u00e4lj alternativ f\u00f6r \u201dPresentkort\u201d\" rel=\"nofollow\">V\u00e4lj belopp<\/a>\t<span id=\"woocommerce_loop_add_to_cart_link_describedby_629\" class=\"screen-reader-text\">\n\t\tDen h\u00e4r produkten har flera varianter. De olika alternativen kan v\u00e4ljas p\u00e5 produktsidan\t<\/span>\n<\/li>\n<\/ul>\n<\/div>\t\t\t\t<\/div>\n\t\t\t\t<\/div>\n\t\t\t\t\t<\/div>\n\t\t\t\t<\/div>\n\t\t\t\t<\/div>\n\t\t","protected":false},"excerpt":{"rendered":"<p>Vinl\u00e5da Best\u00e4ll vin med hemleverans! Vinonista har etablerat sig i Danmark och vi s\u00e4ljer nu vin till kunder i hela Danmark. I och med detta har vi ocks\u00e5 m\u00f6jligheten att erbjuda distanshandel till Sverige. Det vill s\u00e4ga hemleverans av vin till privatkunder i Sverige. \u00a0 Vinerna Ni hittar f\u00e4rdigpackade vinl\u00e5dor fr\u00e5n regioner och fr\u00e5n enskilda producenter. Vinerna \u00e4r utvalda av oss f\u00f6r att kunna erbjuda er unika viner d\u00e4r vi inte kommer \u00e5t s\u00e5 m\u00e5nga flaskor. \u00a0 Hemleverans I Danmark levererar vi till hela landet. I Sverige g\u00e5r vinerna att best\u00e4lla till de postnummer dit Best levererar. Du hittar aktuella postnummer h\u00e4r: \u00a0Postnummer Best<\/p>\n","protected":false},"author":1,"featured_media":0,"parent":0,"menu_order":0,"comment_status":"closed","ping_status":"closed","template":"","meta":{"_acf_changed":false,"footnotes":""},"class_list":["post-10","page","type-page","status-publish","hentry"],"acf":[],"_links":{"self":[{"href":"https:\/\/vinonista.com\/vinlada\/wp-json\/wp\/v2\/pages\/10","targetHints":{"allow":["GET"]}}],"collection":[{"href":"https:\/\/vinonista.com\/vinlada\/wp-json\/wp\/v2\/pages"}],"about":[{"href":"https:\/\/vinonista.com\/vinlada\/wp-json\/wp\/v2\/types\/page"}],"author":[{"embeddable":true,"href":"https:\/\/vinonista.com\/vinlada\/wp-json\/wp\/v2\/users\/1"}],"replies":[{"embeddable":true,"href":"https:\/\/vinonista.com\/vinlada\/wp-json\/wp\/v2\/comments?post=10"}],"version-history":[{"count":60,"href":"https:\/\/vinonista.com\/vinlada\/wp-json\/wp\/v2\/pages\/10\/revisions"}],"predecessor-version":[{"id":1976,"href":"https:\/\/vinonista.com\/vinlada\/wp-json\/wp\/v2\/pages\/10\/revisions\/1976"}],"wp:attachment":[{"href":"https:\/\/vinonista.com\/vinlada\/wp-json\/wp\/v2\/media?parent=10"}],"curies":[{"name":"wp","href":"https:\/\/api.w.org\/{rel}","templated":true}]}}