{"id":2249,"date":"2025-09-30T09:42:12","date_gmt":"2025-09-30T07:42:12","guid":{"rendered":"https:\/\/vinonista.com\/vinlada\/?post_type=product&#038;p=2249"},"modified":"2025-09-30T09:45:57","modified_gmt":"2025-09-30T07:45:57","slug":"canebbio-langhe-nebbiolo-kopia","status":"publish","type":"product","link":"https:\/\/vinonista.com\/vinlada\/da\/produkt\/canebbio-langhe-nebbiolo-kopia\/","title":{"rendered":"Canebbio Langhe Nebbiolo (kopia)"},"content":{"rendered":"<p>Fra ving\u00e5rden <a href=\"https:\/\/vinonista.com\/cagliero\/\">Cagliero<\/a> kommer den utroligt fine og unikke vin Canebbio. En Langhe Nebbiolo if\u00f8lge den italienske vinlov, men faktisk er vinen lige s\u00e5 meget en Barolo, som den er Langhe Nebbiolo. Canebbio er ligesom sin storebror cru Barolon Barolo Ravera lavet af Nebbiolo. Nebbiolo er ogs\u00e5 blandet med 15 % af ving\u00e5rdens allerbedste Barbera-druer. Vinen modnes betydeligt hurtigere end deres traditionelle cru Barolo.<\/p>\n<p>Canebbio Langhe Nebbiolo lagres p\u00e5 slavonske egetr\u00e6sfade i 24 m\u00e5neder f\u00f8r aftapning. Det vil sige et \u00e5r kortere p\u00e5 fade sammenlignet med Caglieros cru Barolo. Dette er en klassisk Barolo-blanding, som er blevet mere og mere sj\u00e6lden i takt med, at prisen p\u00e5 Barolo er steget. Vi er meget taknemmelige for, at Cagliero holder traditionen i h\u00e6vd.<\/p>\n<p>&nbsp;<\/p>\n<h4>Farve, duft og smag<\/h4>\n<p>En dyb r\u00f8d farve som f\u00f8lge af Barbera-blandingen. En frugtagtig aroma af kirseb\u00e6r kombineres med de komplekse Barolo Ravera-noter fra ejendommen. Smagen er vidunderligt mangefacetteret og bliver h\u00e6ngende i lang tid. Tanninerne fylder munden p\u00e5 en vidunderlig behagelig m\u00e5de.<\/p>\n<p>&nbsp;<\/p>\n<h4>Servering<\/h4>\n<p>Luft mindst to timer, f\u00f8r du nyder den.<\/p>\n<p>&nbsp;<\/p>\n<h4>Opbevaringspotentiale<\/h4>\n<p>Stor. Om 10 \u00e5r vil du ikke fortryde, at du k\u00f8bte to kasser. Jeg har drukket op til 20 \u00e5r gammel Canebbio og drejet glasset meget lykkeligt.<\/p>\n","protected":false},"excerpt":{"rendered":"<p>Canebbio er ligesom sin storebror cru Barolon Barolo Ravera lavet af Nebbiolo. Nebbiolo blandes ogs\u00e5 med 15 % af ving\u00e5rdens allerbedste Barbera-druer.<\/p>\n","protected":false},"featured_media":2262,"comment_status":"open","ping_status":"closed","template":"","meta":{"_acf_changed":false},"product_brand":[111],"product_cat":[83],"product_tag":[86,89,84,85],"class_list":{"0":"post-2249","1":"product","2":"type-product","3":"status-publish","4":"has-post-thumbnail","6":"product_brand-cagliero-da","7":"product_cat-vin-da","8":"product_tag-barbera-da","9":"product_tag-nebbiolo-da","10":"product_tag-piedmont","11":"product_tag-rodvin","13":"first","14":"instock","15":"taxable","16":"shipping-taxable","17":"purchasable","18":"product-type-simple"},"acf":[],"_links":{"self":[{"href":"https:\/\/vinonista.com\/vinlada\/da\/wp-json\/wp\/v2\/product\/2249","targetHints":{"allow":["GET"]}}],"collection":[{"href":"https:\/\/vinonista.com\/vinlada\/da\/wp-json\/wp\/v2\/product"}],"about":[{"href":"https:\/\/vinonista.com\/vinlada\/da\/wp-json\/wp\/v2\/types\/product"}],"replies":[{"embeddable":true,"href":"https:\/\/vinonista.com\/vinlada\/da\/wp-json\/wp\/v2\/comments?post=2249"}],"wp:featuredmedia":[{"embeddable":true,"href":"https:\/\/vinonista.com\/vinlada\/da\/wp-json\/wp\/v2\/media\/2262"}],"wp:attachment":[{"href":"https:\/\/vinonista.com\/vinlada\/da\/wp-json\/wp\/v2\/media?parent=2249"}],"wp:term":[{"taxonomy":"product_brand","embeddable":true,"href":"https:\/\/vinonista.com\/vinlada\/da\/wp-json\/wp\/v2\/product_brand?post=2249"},{"taxonomy":"product_cat","embeddable":true,"href":"https:\/\/vinonista.com\/vinlada\/da\/wp-json\/wp\/v2\/product_cat?post=2249"},{"taxonomy":"product_tag","embeddable":true,"href":"https:\/\/vinonista.com\/vinlada\/da\/wp-json\/wp\/v2\/product_tag?post=2249"}],"curies":[{"name":"wp","href":"https:\/\/api.w.org\/{rel}","templated":true}]}}