{"id":1291,"date":"2025-01-15T09:48:05","date_gmt":"2025-01-15T08:48:05","guid":{"rendered":"https:\/\/vinonista.com\/vinlada\/produkt\/amur\/"},"modified":"2025-01-15T09:48:05","modified_gmt":"2025-01-15T08:48:05","slug":"amur","status":"publish","type":"product","link":"https:\/\/vinonista.com\/vinlada\/da\/produkt\/amur\/","title":{"rendered":"Amur"},"content":{"rendered":"<p>Tenute Olbios &#8211; Amur &#8211; 2020<\/p>\n<h4>Vinet<\/h4>\n<p>Muristellu er en lokal drue, ogs\u00e5 kendt som Bovale Sardo. Amur er den f\u00f8rste<br \/>\nvin fra Tenute Olbios, der indeholder 100 % Muristellu. Dette er en<br \/>\nl\u00e6nge ventet nyhed, da jeg er meget glad for denne drue.<\/p>\n<p>En blid afstilkning og derefter direkte g\u00e6ring i temperaturkontrollerede<br \/>\nst\u00e5ltanke for at bevare druernes aromaer. Processen er kendt som &#8220;d\u00e9lestage&#8221;, dvs.<br \/>\npumper vinen frem og tilbage. Derefter f\u00e5r den lov til at hvile i 14 m\u00e5neder i st\u00e5ltanke.<\/p>\n<h4>Lugt, smag og sukkerindhold<\/h4>\n<p>I duften fornemmer vi nuancer af m\u00f8rke b\u00e6r, ribs, myrte, saftige bromb\u00e6r,<br \/>\nantydninger af timian. De milde tanniner giver struktur og bekr\u00e6fter<br \/>\nMuristellus karakter sammen med dens friskhed. Sukker: 2,4 g\/l<\/p>\n<h4>Opbevaringspotentiale<\/h4>\n<p>Vinen kan udvikle sig i et par \u00e5r i k\u00e6lderen.<\/p>\n<h4>Servering<\/h4>\n<p>K\u00f8dretter som steak tartare, krydret Usksoppa, f.eks. cacciucco alla livornese,<br \/>\nrisotto med rosensalat, bruschetta. Vil ogs\u00e5 v\u00e6re godt selskab til en bakke<br \/>\nmed italienske oste og charcuteri.<\/p>\n<p>PS. Vinen er vegansk m\u00e6rket<\/p>\n","protected":false},"excerpt":{"rendered":"<p>Muristellu er en lokal drue, ogs\u00e5 kendt som Bovale Sardo. Amur er den f\u00f8rste<br \/>\nvin fra Tenute Olbios, der indeholder 100 % Muristellu. Dette er en<br \/>\nl\u00e6nge ventet nyhed, da jeg er meget glad for denne drue.<\/p>\n","protected":false},"featured_media":1658,"comment_status":"open","ping_status":"closed","template":"","meta":{"_acf_changed":false},"product_brand":[],"product_cat":[],"product_tag":[85],"class_list":{"0":"post-1291","1":"product","2":"type-product","3":"status-publish","4":"has-post-thumbnail","6":"product_tag-rodvin","8":"first","9":"instock","10":"taxable","11":"shipping-taxable","12":"purchasable","13":"product-type-simple"},"acf":[],"_links":{"self":[{"href":"https:\/\/vinonista.com\/vinlada\/da\/wp-json\/wp\/v2\/product\/1291","targetHints":{"allow":["GET"]}}],"collection":[{"href":"https:\/\/vinonista.com\/vinlada\/da\/wp-json\/wp\/v2\/product"}],"about":[{"href":"https:\/\/vinonista.com\/vinlada\/da\/wp-json\/wp\/v2\/types\/product"}],"replies":[{"embeddable":true,"href":"https:\/\/vinonista.com\/vinlada\/da\/wp-json\/wp\/v2\/comments?post=1291"}],"wp:featuredmedia":[{"embeddable":true,"href":"https:\/\/vinonista.com\/vinlada\/da\/wp-json\/wp\/v2\/media\/1658"}],"wp:attachment":[{"href":"https:\/\/vinonista.com\/vinlada\/da\/wp-json\/wp\/v2\/media?parent=1291"}],"wp:term":[{"taxonomy":"product_brand","embeddable":true,"href":"https:\/\/vinonista.com\/vinlada\/da\/wp-json\/wp\/v2\/product_brand?post=1291"},{"taxonomy":"product_cat","embeddable":true,"href":"https:\/\/vinonista.com\/vinlada\/da\/wp-json\/wp\/v2\/product_cat?post=1291"},{"taxonomy":"product_tag","embeddable":true,"href":"https:\/\/vinonista.com\/vinlada\/da\/wp-json\/wp\/v2\/product_tag?post=1291"}],"curies":[{"name":"wp","href":"https:\/\/api.w.org\/{rel}","templated":true}]}}